{"id":491,"date":"2021-04-03T13:24:39","date_gmt":"2021-04-03T13:24:39","guid":{"rendered":"https:\/\/barbaraborzaga.it\/alimentazione\/"},"modified":"2021-06-24T14:44:38","modified_gmt":"2021-06-24T14:44:38","slug":"die-ernaehrung","status":"publish","type":"page","link":"https:\/\/barbaraborzaga.it\/de\/die-ernaehrung\/","title":{"rendered":"Die Ern\u00e4hrung"},"content":{"rendered":"[vc_row type=&#8220;full_width_content&#8220; full_screen_row_position=&#8220;middle&#8220; column_margin=&#8220;default&#8220; column_direction=&#8220;default&#8220; column_direction_tablet=&#8220;default&#8220; column_direction_phone=&#8220;default&#8220; scene_position=&#8220;center&#8220; top_padding=&#8220;110&#8243; top_padding_phone=&#8220;0&#8243; text_color=&#8220;dark&#8220; text_align=&#8220;left&#8220; row_border_radius=&#8220;none&#8220; row_border_radius_applies=&#8220;bg&#8220; overlay_strength=&#8220;0.3&#8243; gradient_direction=&#8220;left_to_right&#8220; shape_divider_position=&#8220;bottom&#8220; bg_image_animation=&#8220;none&#8220; shape_type=&#8220;&#8220;][vc_column column_padding=&#8220;no-extra-padding&#8220; column_padding_tablet=&#8220;inherit&#8220; column_padding_phone=&#8220;inherit&#8220; column_padding_position=&#8220;all&#8220; column_element_spacing=&#8220;default&#8220; background_color_opacity=&#8220;1&#8243; background_hover_color_opacity=&#8220;1&#8243; column_shadow=&#8220;none&#8220; column_border_radius=&#8220;none&#8220; column_link_target=&#8220;_self&#8220; gradient_direction=&#8220;left_to_right&#8220; overlay_strength=&#8220;0.3&#8243; width=&#8220;1\/12&#8243; tablet_width_inherit=&#8220;default&#8220; tablet_text_alignment=&#8220;default&#8220; phone_text_alignment=&#8220;default&#8220; bg_image_animation=&#8220;none&#8220; border_type=&#8220;simple&#8220; column_border_width=&#8220;none&#8220; column_border_style=&#8220;solid&#8220;][\/vc_column][vc_column column_padding=&#8220;padding-5-percent&#8220; column_padding_tablet=&#8220;inherit&#8220; column_padding_phone=&#8220;inherit&#8220; column_padding_position=&#8220;all&#8220; column_element_spacing=&#8220;default&#8220; background_color_opacity=&#8220;1&#8243; background_hover_color_opacity=&#8220;1&#8243; background_image=&#8220;458&#8243; background_image_position=&#8220;center center&#8220; background_image_loading=&#8220;default&#8220; column_shadow=&#8220;none&#8220; column_border_radius=&#8220;none&#8220; column_link_target=&#8220;_self&#8220; gradient_direction=&#8220;left_to_right&#8220; overlay_strength=&#8220;0.3&#8243; width=&#8220;5\/6&#8243; tablet_width_inherit=&#8220;default&#8220; tablet_text_alignment=&#8220;default&#8220; phone_text_alignment=&#8220;default&#8220; bg_image_animation=&#8220;none&#8220; border_type=&#8220;simple&#8220; column_border_width=&#8220;none&#8220; column_border_style=&#8220;solid&#8220;][vc_row_inner equal_height=&#8220;yes&#8220; content_placement=&#8220;middle&#8220; column_margin=&#8220;default&#8220; column_direction=&#8220;default&#8220; column_direction_tablet=&#8220;default&#8220; column_direction_phone=&#8220;default&#8220; text_align=&#8220;left&#8220;][vc_column_inner column_padding=&#8220;padding-10-percent&#8220; column_padding_tablet=&#8220;inherit&#8220; column_padding_phone=&#8220;inherit&#8220; column_padding_position=&#8220;top-bottom&#8220; column_element_spacing=&#8220;default&#8220; background_color_opacity=&#8220;1&#8243; background_hover_color_opacity=&#8220;1&#8243; column_shadow=&#8220;none&#8220; column_border_radius=&#8220;none&#8220; column_link_target=&#8220;_self&#8220; gradient_direction=&#8220;left_to_right&#8220; overlay_strength=&#8220;0.3&#8243; width=&#8220;2\/3&#8243; tablet_width_inherit=&#8220;default&#8220; bg_image_animation=&#8220;none&#8220; border_type=&#8220;simple&#8220; column_border_width=&#8220;none&#8220; column_border_style=&#8220;solid&#8220;][split_line_heading animation_type=&#8220;default&#8220;]\n<h1><span style=\"color: #ffffff;\">Die Ern\u00e4hrung<\/span><\/h1>\n[\/split_line_heading][\/vc_column_inner][vc_column_inner column_padding=&#8220;no-extra-padding&#8220; column_padding_tablet=&#8220;inherit&#8220; column_padding_phone=&#8220;inherit&#8220; column_padding_position=&#8220;all&#8220; column_element_spacing=&#8220;default&#8220; background_color_opacity=&#8220;1&#8243; background_hover_color_opacity=&#8220;1&#8243; column_shadow=&#8220;none&#8220; column_border_radius=&#8220;none&#8220; column_link_target=&#8220;_self&#8220; gradient_direction=&#8220;left_to_right&#8220; overlay_strength=&#8220;0.3&#8243; width=&#8220;1\/3&#8243; tablet_width_inherit=&#8220;default&#8220; bg_image_animation=&#8220;none&#8220; border_type=&#8220;simple&#8220; column_border_width=&#8220;none&#8220; column_border_style=&#8220;solid&#8220;][\/vc_column_inner][\/vc_row_inner][\/vc_column][vc_column column_padding=&#8220;no-extra-padding&#8220; column_padding_tablet=&#8220;inherit&#8220; column_padding_phone=&#8220;inherit&#8220; column_padding_position=&#8220;all&#8220; column_element_spacing=&#8220;default&#8220; background_color_opacity=&#8220;1&#8243; background_hover_color_opacity=&#8220;1&#8243; column_shadow=&#8220;none&#8220; column_border_radius=&#8220;none&#8220; column_link_target=&#8220;_self&#8220; gradient_direction=&#8220;left_to_right&#8220; overlay_strength=&#8220;0.3&#8243; width=&#8220;1\/12&#8243; tablet_width_inherit=&#8220;default&#8220; tablet_text_alignment=&#8220;default&#8220; phone_text_alignment=&#8220;default&#8220; bg_image_animation=&#8220;none&#8220; border_type=&#8220;simple&#8220; column_border_width=&#8220;none&#8220; column_border_style=&#8220;solid&#8220;][\/vc_column][\/vc_row][vc_row type=&#8220;full_width_content&#8220; full_screen_row_position=&#8220;middle&#8220; column_margin=&#8220;default&#8220; equal_height=&#8220;yes&#8220; content_placement=&#8220;bottom&#8220; column_direction=&#8220;default&#8220; column_direction_tablet=&#8220;default&#8220; column_direction_phone=&#8220;default&#8220; scene_position=&#8220;center&#8220; top_padding=&#8220;5%&#8220; constrain_group_1=&#8220;yes&#8220; bottom_padding=&#8220;5%&#8220; text_color=&#8220;dark&#8220; text_align=&#8220;left&#8220; row_border_radius=&#8220;none&#8220; row_border_radius_applies=&#8220;bg&#8220; id=&#8220;chi_sono&#8220; overlay_strength=&#8220;0.3&#8243; gradient_direction=&#8220;left_to_right&#8220; shape_divider_position=&#8220;bottom&#8220; bg_image_animation=&#8220;none&#8220; shape_type=&#8220;&#8220;][vc_column column_padding=&#8220;padding-10-percent&#8220; column_padding_tablet=&#8220;inherit&#8220; column_padding_phone=&#8220;inherit&#8220; column_padding_position=&#8220;top&#8220; column_element_spacing=&#8220;default&#8220; background_color_opacity=&#8220;1&#8243; background_hover_color_opacity=&#8220;1&#8243; column_shadow=&#8220;none&#8220; column_border_radius=&#8220;none&#8220; column_link_target=&#8220;_self&#8220; gradient_direction=&#8220;left_to_right&#8220; overlay_strength=&#8220;0.3&#8243; width=&#8220;1\/4&#8243; tablet_width_inherit=&#8220;default&#8220; tablet_text_alignment=&#8220;default&#8220; phone_text_alignment=&#8220;default&#8220; bg_image_animation=&#8220;none&#8220; border_type=&#8220;simple&#8220; column_border_width=&#8220;none&#8220; column_border_style=&#8220;solid&#8220;][\/vc_column][vc_column column_padding=&#8220;padding-5-percent&#8220; column_padding_tablet=&#8220;inherit&#8220; column_padding_phone=&#8220;inherit&#8220; column_padding_position=&#8220;all&#8220; column_element_spacing=&#8220;default&#8220; background_color_opacity=&#8220;1&#8243; background_hover_color_opacity=&#8220;1&#8243; column_shadow=&#8220;none&#8220; column_border_radius=&#8220;none&#8220; column_link_target=&#8220;_self&#8220; gradient_direction=&#8220;left_to_right&#8220; overlay_strength=&#8220;0.3&#8243; width=&#8220;1\/2&#8243; tablet_width_inherit=&#8220;default&#8220; tablet_text_alignment=&#8220;default&#8220; phone_text_alignment=&#8220;default&#8220; bg_image_animation=&#8220;none&#8220; border_type=&#8220;simple&#8220; column_border_width=&#8220;none&#8220; column_border_style=&#8220;solid&#8220;][vc_raw_html el_class=&#8220;scrolldown_arrow&#8220;]JTNDYSUyMGhyZWYlM0QlMjIlMjNjaGlfc29ubyUyMiUzRSUzQ3N2ZyUyMHhtbG5zJTNEJTIyaHR0cCUzQSUyRiUyRnd3dy53My5vcmclMkYyMDAwJTJGc3ZnJTIyJTIwdmlld0JveCUzRCUyMjAlMjAwJTIwMTI0LjAxJTIwMTMzLjIzJTIyJTNFJTNDZGVmcyUzRSUzQ3N0eWxlJTNFLmNscy0xJTdCZmlsbCUzQW5vbmUlM0JzdHJva2UlM0ElMjMzMjM1NzAlM0JzdHJva2UtbWl0ZXJsaW1pdCUzQTEwJTNCJTdEJTNDJTJGc3R5bGUlM0UlM0MlMkZkZWZzJTNFJTNDZyUyMGlkJTNEJTIyTGl2ZWxsb18yJTIyJTIwZGF0YS1uYW1lJTNEJTIyTGl2ZWxsbyUyMDIlMjIlM0UlM0NnJTIwaWQlM0QlMjJMaXZlbGxvXzEtMiUyMiUyMGRhdGEtbmFtZSUzRCUyMkxpdmVsbG8lMjAxJTIyJTNFJTNDcG9seWdvbiUyMGNsYXNzJTNEJTIyY2xzLTElMjIlMjBwb2ludHMlM0QlMjIxMTIuNDElMjA1Ni41JTIwNjkuNDElMjAxMDIuNCUyMDY5LjgxJTIwMC41JTIwNTQuOCUyMDAuNSUyMDU0LjQxJTIwMTAyLjQlMjAxMS43MSUyMDU2LjElMjAwLjclMjA2Ni4zJTIwNjEuNyUyMDEzMi41JTIwMTIzLjMxJTIwNjYuOCUyMDExMi40MSUyMDU2LjUlMjIlMkYlM0UlM0MlMkZnJTNFJTNDJTJGZyUzRSUzQyUyRnN2ZyUzRSUzQyUyRmElM0U=[\/vc_raw_html][vc_column_text]Die Ern\u00e4hrung ver\u00e4ndert zutiefst unseren K\u00f6rper, sie ver\u00e4ndert die Zellenbestandteile aus denen wir bestehen. Die Ern\u00e4hrung steht im Dienste unserer Gesundheit und Sch\u00f6nheit.<\/p>\n<p>Die Sch\u00f6nheit h\u00e4ngt weitgehend mit dem, was wir essen, zusammen.<\/p>\n<p>Dank einer individuell ma\u00dfgeschneiderten Ern\u00e4hrung f\u00fchlt man sich, als erstes, besser und sieht auch besser aus. Und dabei z\u00e4hlen nicht nur das Erreichen des Idealgewichts sondern auch das gesamte Wohlbefinden sowie die neue Gewebezusammensetzung, die sehr eng mit dem was, wie und wieviel Sie essen, zusammenh\u00e4ngt!<\/p>\n<p>Heute sind wir in der Lage, Ern\u00e4hrung wissenschaftlich als wahrhaftes Mittel f\u00fcr das Wohlbefinden, als Medikament und nicht nur als Quelle der Freude, anzuwenden. Ern\u00e4hrung spielt die wichtigste Rolle bei Sch\u00f6nheit und Gesundheit.[\/vc_column_text][split_line_heading animation_type=&#8220;default&#8220;]\n<h2><span style=\"color: #df9a9e;\">Durch Ern\u00e4hrung verbessern wir unsere Lebensqualit\u00e4t, heilen Krankheiten und beugen andere vor.<\/span><\/h2>\n[\/split_line_heading][vc_column_text]F\u00fcr jede Patientin erstellen wir einen pers\u00f6nlichen Ern\u00e4hrungsplan. Wir f\u00f6rdern durch verschiedene Phasen einen nat\u00fcrlichen Prozess, der jede Patientin zu ihrem gesamten Wohlbefinden zur\u00fcckf\u00fchrt. Wenn man traurig oder gereizt ist, wird man dazu neigen, mehr zu essen und die Di\u00e4t schnell aufzugeben. Wenn aber der eingeschlagene Weg dazu f\u00fchrt, dass man sich wohl und voller Energie f\u00fchlt, dann bedeutet dies, dass der Ern\u00e4hrungsplan eine positive ganzheitliche Wirkung hervorgerufen hat und demzufolge wird man diesem Ern\u00e4hrungsplan bereitwillig folgen und anhaltende Ergebnisse erzielen.<\/p>\n<p>Leider erkennen wir oft den immensen Wert der Gesundheit, nur dann, wenn sie in Gefahr ist, nur dann, wenn sie in Frage gestellt wird. Solange man jung oder nicht krank ist, h\u00e4lt man sich f\u00fcr nahezu unverwundbar, und dies beg\u00fcnstigt die meisten heimt\u00fcckischsten Krankheiten, die nebenbei an der Spitze der h\u00e4ufigsten Todesursachen aufgelistet werden: Herz-Kreislauf-Erkrankungen, Krebs und Diabetes. Nun, w\u00e4re es nicht besser, sich die M\u00fche zu geben, zeitgerecht auf sich selbst zu achten statt sp\u00e4ter teure Medikamente einzunehmen, die x-beliebige Nebenwirkungen verursachen? Heute wird davon ausgegangen, dass es &#8222;normal&#8220; ist, Blutdruck- oder cholesterinspiegelsenkende Medikamente einzunehmen. Die Wahrheit sieht aber ganz anders aus und zwar sollte all dies nicht die Regel sein! \u201eNormal\u201c w\u00fcrde hei\u03b2en ein vollst\u00e4ndiges und zufriedenstellendes Leben zu f\u00fchren, aus der Sicht der Gesundheit, der k\u00f6rperlichen Bewegung und des sozialen Umfeldes. Wir k\u00f6nnen also leicht feststellen, dass die Ern\u00e4hrung in all diesen drei Bereichen ausschlaggebend ist.[\/vc_column_text][\/vc_column][vc_column column_padding=&#8220;no-extra-padding&#8220; column_padding_tablet=&#8220;inherit&#8220; column_padding_phone=&#8220;inherit&#8220; column_padding_position=&#8220;all&#8220; column_element_spacing=&#8220;default&#8220; background_color_opacity=&#8220;1&#8243; background_hover_color_opacity=&#8220;1&#8243; column_shadow=&#8220;none&#8220; column_border_radius=&#8220;none&#8220; column_link_target=&#8220;_self&#8220; gradient_direction=&#8220;left_to_right&#8220; overlay_strength=&#8220;0.3&#8243; width=&#8220;1\/4&#8243; tablet_width_inherit=&#8220;default&#8220; tablet_text_alignment=&#8220;default&#8220; phone_text_alignment=&#8220;default&#8220; bg_image_animation=&#8220;none&#8220; border_type=&#8220;simple&#8220; column_border_width=&#8220;none&#8220; column_border_style=&#8220;solid&#8220;][\/vc_column][\/vc_row][vc_row type=&#8220;in_container&#8220; full_screen_row_position=&#8220;middle&#8220; column_margin=&#8220;default&#8220; column_direction=&#8220;default&#8220; column_direction_tablet=&#8220;default&#8220; column_direction_phone=&#8220;default&#8220; scene_position=&#8220;center&#8220; text_color=&#8220;dark&#8220; text_align=&#8220;left&#8220; row_border_radius=&#8220;none&#8220; row_border_radius_applies=&#8220;bg&#8220; overlay_strength=&#8220;0.3&#8243; gradient_direction=&#8220;left_to_right&#8220; shape_divider_position=&#8220;bottom&#8220; bg_image_animation=&#8220;none&#8220;][vc_column column_padding=&#8220;no-extra-padding&#8220; column_padding_tablet=&#8220;inherit&#8220; column_padding_phone=&#8220;inherit&#8220; column_padding_position=&#8220;all&#8220; column_element_spacing=&#8220;default&#8220; background_color_opacity=&#8220;1&#8243; background_hover_color_opacity=&#8220;1&#8243; column_shadow=&#8220;none&#8220; column_border_radius=&#8220;none&#8220; column_link_target=&#8220;_self&#8220; gradient_direction=&#8220;left_to_right&#8220; overlay_strength=&#8220;0.3&#8243; width=&#8220;1\/1&#8243; tablet_width_inherit=&#8220;default&#8220; tablet_text_alignment=&#8220;default&#8220; phone_text_alignment=&#8220;default&#8220; bg_image_animation=&#8220;none&#8220; border_type=&#8220;simple&#8220; column_border_width=&#8220;none&#8220; column_border_style=&#8220;solid&#8220;][nectar_global_section id=&#8220;755&#8243;][\/vc_column][\/vc_row]\n","protected":false},"excerpt":{"rendered":"<p>[vc_row type=&#8220;full_width_content&#8220; full_screen_row_position=&#8220;middle&#8220; column_margin=&#8220;default&#8220; column_direction=&#8220;default&#8220; column_direction_tablet=&#8220;default&#8220; column_direction_phone=&#8220;default&#8220; scene_position=&#8220;center&#8220; top_padding=&#8220;110&#8243; top_padding_phone=&#8220;0&#8243; text_color=&#8220;dark&#8220; text_align=&#8220;left&#8220; row_border_radius=&#8220;none&#8220; row_border_radius_applies=&#8220;bg&#8220; overlay_strength=&#8220;0.3&#8243; gradient_direction=&#8220;left_to_right&#8220; shape_divider_position=&#8220;bottom&#8220; bg_image_animation=&#8220;none&#8220; shape_type=&#8220;&#8220;][vc_column column_padding=&#8220;no-extra-padding&#8220; column_padding_tablet=&#8220;inherit&#8220; column_padding_phone=&#8220;inherit&#8220; column_padding_position=&#8220;all&#8220; column_element_spacing=&#8220;default&#8220; background_color_opacity=&#8220;1&#8243; background_hover_color_opacity=&#8220;1&#8243; column_shadow=&#8220;none&#8220; column_border_radius=&#8220;none&#8220; column_link_target=&#8220;_self&#8220; gradient_direction=&#8220;left_to_right&#8220;&#8230;<\/p>\n","protected":false},"author":1,"featured_media":0,"parent":0,"menu_order":0,"comment_status":"closed","ping_status":"closed","template":"","meta":{"_acf_changed":false,"footnotes":""},"class_list":["post-491","page","type-page","status-publish"],"acf":[],"_links":{"self":[{"href":"https:\/\/barbaraborzaga.it\/de\/wp-json\/wp\/v2\/pages\/491","targetHints":{"allow":["GET"]}}],"collection":[{"href":"https:\/\/barbaraborzaga.it\/de\/wp-json\/wp\/v2\/pages"}],"about":[{"href":"https:\/\/barbaraborzaga.it\/de\/wp-json\/wp\/v2\/types\/page"}],"author":[{"embeddable":true,"href":"https:\/\/barbaraborzaga.it\/de\/wp-json\/wp\/v2\/users\/1"}],"replies":[{"embeddable":true,"href":"https:\/\/barbaraborzaga.it\/de\/wp-json\/wp\/v2\/comments?post=491"}],"version-history":[{"count":3,"href":"https:\/\/barbaraborzaga.it\/de\/wp-json\/wp\/v2\/pages\/491\/revisions"}],"predecessor-version":[{"id":757,"href":"https:\/\/barbaraborzaga.it\/de\/wp-json\/wp\/v2\/pages\/491\/revisions\/757"}],"wp:attachment":[{"href":"https:\/\/barbaraborzaga.it\/de\/wp-json\/wp\/v2\/media?parent=491"}],"curies":[{"name":"wp","href":"https:\/\/api.w.org\/{rel}","templated":true}]}}