{"id":493,"date":"2021-04-03T13:46:54","date_gmt":"2021-04-03T13:46:54","guid":{"rendered":"https:\/\/barbaraborzaga.it\/allergie-e-intolleranze\/"},"modified":"2021-06-24T14:51:43","modified_gmt":"2021-06-24T14:51:43","slug":"unterschiede-allergie-und-intoleranz","status":"publish","type":"page","link":"https:\/\/barbaraborzaga.it\/de\/unterschiede-allergie-und-intoleranz\/","title":{"rendered":"Unterschiede Allergie und Intoleranz"},"content":{"rendered":"[vc_row type=&#8220;full_width_content&#8220; full_screen_row_position=&#8220;middle&#8220; column_margin=&#8220;default&#8220; column_direction=&#8220;default&#8220; column_direction_tablet=&#8220;default&#8220; column_direction_phone=&#8220;default&#8220; scene_position=&#8220;center&#8220; top_padding=&#8220;110&#8243; top_padding_phone=&#8220;0&#8243; text_color=&#8220;dark&#8220; text_align=&#8220;left&#8220; row_border_radius=&#8220;none&#8220; row_border_radius_applies=&#8220;bg&#8220; overlay_strength=&#8220;0.3&#8243; gradient_direction=&#8220;left_to_right&#8220; shape_divider_position=&#8220;bottom&#8220; bg_image_animation=&#8220;none&#8220; shape_type=&#8220;&#8220;][vc_column column_padding=&#8220;no-extra-padding&#8220; column_padding_tablet=&#8220;inherit&#8220; column_padding_phone=&#8220;inherit&#8220; column_padding_position=&#8220;all&#8220; column_element_spacing=&#8220;default&#8220; background_color_opacity=&#8220;1&#8243; background_hover_color_opacity=&#8220;1&#8243; column_shadow=&#8220;none&#8220; column_border_radius=&#8220;none&#8220; column_link_target=&#8220;_self&#8220; gradient_direction=&#8220;left_to_right&#8220; overlay_strength=&#8220;0.3&#8243; width=&#8220;1\/12&#8243; tablet_width_inherit=&#8220;default&#8220; tablet_text_alignment=&#8220;default&#8220; phone_text_alignment=&#8220;default&#8220; bg_image_animation=&#8220;none&#8220; border_type=&#8220;simple&#8220; column_border_width=&#8220;none&#8220; column_border_style=&#8220;solid&#8220;][\/vc_column][vc_column column_padding=&#8220;padding-5-percent&#8220; column_padding_tablet=&#8220;inherit&#8220; column_padding_phone=&#8220;inherit&#8220; column_padding_position=&#8220;all&#8220; column_element_spacing=&#8220;default&#8220; background_color_opacity=&#8220;1&#8243; background_hover_color_opacity=&#8220;1&#8243; background_image=&#8220;461&#8243; background_image_position=&#8220;center center&#8220; background_image_loading=&#8220;default&#8220; column_shadow=&#8220;none&#8220; column_border_radius=&#8220;none&#8220; column_link_target=&#8220;_self&#8220; gradient_direction=&#8220;left_to_right&#8220; overlay_strength=&#8220;0.3&#8243; width=&#8220;5\/6&#8243; tablet_width_inherit=&#8220;default&#8220; tablet_text_alignment=&#8220;default&#8220; phone_text_alignment=&#8220;default&#8220; bg_image_animation=&#8220;none&#8220; border_type=&#8220;simple&#8220; column_border_width=&#8220;none&#8220; column_border_style=&#8220;solid&#8220;][vc_row_inner equal_height=&#8220;yes&#8220; content_placement=&#8220;middle&#8220; column_margin=&#8220;default&#8220; column_direction=&#8220;default&#8220; column_direction_tablet=&#8220;default&#8220; column_direction_phone=&#8220;default&#8220; text_align=&#8220;left&#8220;][vc_column_inner column_padding=&#8220;padding-10-percent&#8220; column_padding_tablet=&#8220;inherit&#8220; column_padding_phone=&#8220;inherit&#8220; column_padding_position=&#8220;top-bottom&#8220; column_element_spacing=&#8220;default&#8220; background_color_opacity=&#8220;1&#8243; background_hover_color_opacity=&#8220;1&#8243; column_shadow=&#8220;none&#8220; column_border_radius=&#8220;none&#8220; column_link_target=&#8220;_self&#8220; gradient_direction=&#8220;left_to_right&#8220; overlay_strength=&#8220;0.3&#8243; width=&#8220;2\/3&#8243; tablet_width_inherit=&#8220;default&#8220; bg_image_animation=&#8220;none&#8220; border_type=&#8220;simple&#8220; column_border_width=&#8220;none&#8220; column_border_style=&#8220;solid&#8220;][split_line_heading animation_type=&#8220;default&#8220;]\n<h1><span style=\"color: #ffffff;\">Unterschiede<\/span><\/h1>\n<h1><span style=\"color: #ffffff;\">Allergie und Intoleranz<\/span><\/h1>\n[\/split_line_heading][\/vc_column_inner][vc_column_inner column_padding=&#8220;no-extra-padding&#8220; column_padding_tablet=&#8220;inherit&#8220; column_padding_phone=&#8220;inherit&#8220; column_padding_position=&#8220;all&#8220; column_element_spacing=&#8220;default&#8220; background_color_opacity=&#8220;1&#8243; background_hover_color_opacity=&#8220;1&#8243; column_shadow=&#8220;none&#8220; column_border_radius=&#8220;none&#8220; column_link_target=&#8220;_self&#8220; gradient_direction=&#8220;left_to_right&#8220; overlay_strength=&#8220;0.3&#8243; width=&#8220;1\/3&#8243; tablet_width_inherit=&#8220;default&#8220; bg_image_animation=&#8220;none&#8220; border_type=&#8220;simple&#8220; column_border_width=&#8220;none&#8220; column_border_style=&#8220;solid&#8220;][\/vc_column_inner][\/vc_row_inner][\/vc_column][vc_column column_padding=&#8220;no-extra-padding&#8220; column_padding_tablet=&#8220;inherit&#8220; column_padding_phone=&#8220;inherit&#8220; column_padding_position=&#8220;all&#8220; column_element_spacing=&#8220;default&#8220; background_color_opacity=&#8220;1&#8243; background_hover_color_opacity=&#8220;1&#8243; column_shadow=&#8220;none&#8220; column_border_radius=&#8220;none&#8220; column_link_target=&#8220;_self&#8220; gradient_direction=&#8220;left_to_right&#8220; overlay_strength=&#8220;0.3&#8243; width=&#8220;1\/12&#8243; tablet_width_inherit=&#8220;default&#8220; tablet_text_alignment=&#8220;default&#8220; phone_text_alignment=&#8220;default&#8220; bg_image_animation=&#8220;none&#8220; border_type=&#8220;simple&#8220; column_border_width=&#8220;none&#8220; column_border_style=&#8220;solid&#8220;][\/vc_column][\/vc_row][vc_row type=&#8220;full_width_content&#8220; full_screen_row_position=&#8220;middle&#8220; column_margin=&#8220;default&#8220; equal_height=&#8220;yes&#8220; content_placement=&#8220;bottom&#8220; column_direction=&#8220;default&#8220; column_direction_tablet=&#8220;default&#8220; column_direction_phone=&#8220;default&#8220; scene_position=&#8220;center&#8220; top_padding=&#8220;5%&#8220; constrain_group_1=&#8220;yes&#8220; bottom_padding=&#8220;5%&#8220; text_color=&#8220;dark&#8220; text_align=&#8220;left&#8220; row_border_radius=&#8220;none&#8220; row_border_radius_applies=&#8220;bg&#8220; id=&#8220;chi_sono&#8220; overlay_strength=&#8220;0.3&#8243; gradient_direction=&#8220;left_to_right&#8220; shape_divider_position=&#8220;bottom&#8220; bg_image_animation=&#8220;none&#8220; shape_type=&#8220;&#8220;][vc_column column_padding=&#8220;padding-10-percent&#8220; column_padding_tablet=&#8220;inherit&#8220; column_padding_phone=&#8220;inherit&#8220; column_padding_position=&#8220;top&#8220; column_element_spacing=&#8220;default&#8220; background_color_opacity=&#8220;1&#8243; background_hover_color_opacity=&#8220;1&#8243; column_shadow=&#8220;none&#8220; column_border_radius=&#8220;none&#8220; column_link_target=&#8220;_self&#8220; gradient_direction=&#8220;left_to_right&#8220; overlay_strength=&#8220;0.3&#8243; width=&#8220;1\/4&#8243; tablet_width_inherit=&#8220;default&#8220; tablet_text_alignment=&#8220;default&#8220; phone_text_alignment=&#8220;default&#8220; bg_image_animation=&#8220;none&#8220; border_type=&#8220;simple&#8220; column_border_width=&#8220;none&#8220; column_border_style=&#8220;solid&#8220;][\/vc_column][vc_column column_padding=&#8220;padding-5-percent&#8220; column_padding_tablet=&#8220;inherit&#8220; column_padding_phone=&#8220;inherit&#8220; column_padding_position=&#8220;all&#8220; column_element_spacing=&#8220;default&#8220; background_color_opacity=&#8220;1&#8243; background_hover_color_opacity=&#8220;1&#8243; column_shadow=&#8220;none&#8220; column_border_radius=&#8220;none&#8220; column_link_target=&#8220;_self&#8220; gradient_direction=&#8220;left_to_right&#8220; overlay_strength=&#8220;0.3&#8243; width=&#8220;1\/2&#8243; tablet_width_inherit=&#8220;default&#8220; tablet_text_alignment=&#8220;default&#8220; phone_text_alignment=&#8220;default&#8220; bg_image_animation=&#8220;none&#8220; border_type=&#8220;simple&#8220; column_border_width=&#8220;none&#8220; column_border_style=&#8220;solid&#8220;][vc_raw_html el_class=&#8220;scrolldown_arrow&#8220;]JTNDYSUyMGhyZWYlM0QlMjIlMjNjaGlfc29ubyUyMiUzRSUzQ3N2ZyUyMHhtbG5zJTNEJTIyaHR0cCUzQSUyRiUyRnd3dy53My5vcmclMkYyMDAwJTJGc3ZnJTIyJTIwdmlld0JveCUzRCUyMjAlMjAwJTIwMTI0LjAxJTIwMTMzLjIzJTIyJTNFJTNDZGVmcyUzRSUzQ3N0eWxlJTNFLmNscy0xJTdCZmlsbCUzQW5vbmUlM0JzdHJva2UlM0ElMjMzMjM1NzAlM0JzdHJva2UtbWl0ZXJsaW1pdCUzQTEwJTNCJTdEJTNDJTJGc3R5bGUlM0UlM0MlMkZkZWZzJTNFJTNDZyUyMGlkJTNEJTIyTGl2ZWxsb18yJTIyJTIwZGF0YS1uYW1lJTNEJTIyTGl2ZWxsbyUyMDIlMjIlM0UlM0NnJTIwaWQlM0QlMjJMaXZlbGxvXzEtMiUyMiUyMGRhdGEtbmFtZSUzRCUyMkxpdmVsbG8lMjAxJTIyJTNFJTNDcG9seWdvbiUyMGNsYXNzJTNEJTIyY2xzLTElMjIlMjBwb2ludHMlM0QlMjIxMTIuNDElMjA1Ni41JTIwNjkuNDElMjAxMDIuNCUyMDY5LjgxJTIwMC41JTIwNTQuOCUyMDAuNSUyMDU0LjQxJTIwMTAyLjQlMjAxMS43MSUyMDU2LjElMjAwLjclMjA2Ni4zJTIwNjEuNyUyMDEzMi41JTIwMTIzLjMxJTIwNjYuOCUyMDExMi40MSUyMDU2LjUlMjIlMkYlM0UlM0MlMkZnJTNFJTNDJTJGZyUzRSUzQyUyRnN2ZyUzRSUzQyUyRmElM0U=[\/vc_raw_html][split_line_heading animation_type=&#8220;default&#8220;]\n<h2><span style=\"color: #df9a9e;\">Allergien<\/span><\/h2>\n[\/split_line_heading][vc_column_text]<strong>Allergien sind die ver\u00e4nderte F\u00e4higkeit des K\u00f6rpers auf eine <\/strong><em>fremde Substanz<\/em> zu reagieren. Allergien sind die pl\u00f6tzliche und akute Reaktion im <strong>Organismus<\/strong> (insbesondere im Blut) auf <strong>bestimmte<\/strong><strong> Reizstoffe<\/strong> (sogenannte &#8222;Allergene&#8220;) <strong>in Pollen<\/strong><strong>, Parf\u00fcms, Pudern, Impfstoffen, aber auch in einigen Lebensmitteln, wie Milch, Eiern, in Schalentieren und Muscheln, Waldbeeren, Tomaten, Bananen, Kiwi<\/strong>.<\/p>\n<p>Bei einer wirklich allergischen Reaktion produziert der K\u00f6rper Antik\u00f6rper (das sind Proteine, die sich speziell an andere Proteine, Antigene genannt &#8211; in diesem Fall das Allergen -, binden, um es zu deaktivieren und aus dem K\u00f6rper zu entfernen). <strong>Die Klasse der Antik\u00f6rper, bekannt als Immunglobuline (IgE),<\/strong> reagiert mit dem Allergen und dieses l\u00f6st seinerseits eine Reaktion aus.<\/p>\n<p><strong>Symptome:<\/strong><\/p>\n<p>Die nachteiligen Reaktionen erfolgen unmittelbar und sind gew\u00f6hnlich lokal.<\/p>\n<p>Die meisten allergischen Reaktionen auf Nahrungsmittel k\u00f6nnen eine schwere Reaktion der Haut und\/oder der Atemwege verursachen.<\/p>\n<p><strong>Die Diagnose<\/strong><strong>:<\/strong><br \/>\nBlutuntersuchungen und Hauttests[\/vc_column_text][split_line_heading animation_type=&#8220;default&#8220;]\n<h2><span style=\"color: #df9a9e;\">Unvertr\u00e4glichkeiten<\/span><\/h2>\n[\/split_line_heading][vc_column_text]Unvertr\u00e4glichkeiten sind <strong>die<\/strong><strong> Darmreaktion auf bestimmte Nahrungsmittel.<\/strong><br \/>\nNahrungsmittelunvertr\u00e4glichkeiten sind <strong>eine langsame<\/strong><strong> schleichende und progressive Darmreaktion, die die massive Einnahme von bestimmten Lebensmitteln, wie zum Beispiel Weizen, Milchprodukten, Eiern, usw. nicht mehr vertr\u00e4gt.<\/strong><\/p>\n<p>Im Gegensatz zu Allergien treten Unvertr\u00e4glichkeiten <strong>schrittweise<\/strong><strong> und nicht mit <\/strong><strong>schweren Reaktionen <\/strong><strong>auf <\/strong>und sind immer dam<strong>mit verbunden, i<\/strong><strong>n welchem <\/strong><em>Ausma\u00df<\/em><strong> bestimmte Lebensmittel<\/strong><strong>, zu sich genommen werden.<\/strong><\/p>\n<p><strong>Symptome:<\/strong><\/p>\n<p>Symptome erscheinen nicht unmittelbar nach der Nahrungsaufnahme, sondern im Laufe der Zeit.<\/p>\n<p>Reaktionen auf Lebensmittel oder deren Inhaltsstoffe \u00e4u\u00dfern sich an der Haut, gefolgt von Beschwerden an den oberen und unteren Atemwege sowie St\u00f6rungen im Magen-Darm-Trakt.<\/p>\n<p><strong>Die Diagnose<\/strong><strong>:<\/strong><\/p>\n<p>Die Diagnose wird durch spezifische Tests durchgef\u00fchrt. Die sogenannte Auslassungsdi\u00e4t ist dabei sehr wichtig, sie identifiziert,<\/p>\n<p>sich die Sympthome bei Auslassung von suspekten Lebensmitteln reduzieren.[\/vc_column_text][\/vc_column][vc_column column_padding=&#8220;no-extra-padding&#8220; column_padding_tablet=&#8220;inherit&#8220; column_padding_phone=&#8220;inherit&#8220; column_padding_position=&#8220;all&#8220; column_element_spacing=&#8220;default&#8220; background_color_opacity=&#8220;1&#8243; background_hover_color_opacity=&#8220;1&#8243; column_shadow=&#8220;none&#8220; column_border_radius=&#8220;none&#8220; column_link_target=&#8220;_self&#8220; gradient_direction=&#8220;left_to_right&#8220; overlay_strength=&#8220;0.3&#8243; width=&#8220;1\/4&#8243; tablet_width_inherit=&#8220;default&#8220; tablet_text_alignment=&#8220;default&#8220; phone_text_alignment=&#8220;default&#8220; bg_image_animation=&#8220;none&#8220; border_type=&#8220;simple&#8220; column_border_width=&#8220;none&#8220; column_border_style=&#8220;solid&#8220;][\/vc_column][\/vc_row][vc_row type=&#8220;in_container&#8220; full_screen_row_position=&#8220;middle&#8220; column_margin=&#8220;default&#8220; column_direction=&#8220;default&#8220; column_direction_tablet=&#8220;default&#8220; column_direction_phone=&#8220;default&#8220; scene_position=&#8220;center&#8220; text_color=&#8220;dark&#8220; text_align=&#8220;left&#8220; row_border_radius=&#8220;none&#8220; row_border_radius_applies=&#8220;bg&#8220; overlay_strength=&#8220;0.3&#8243; gradient_direction=&#8220;left_to_right&#8220; shape_divider_position=&#8220;bottom&#8220; bg_image_animation=&#8220;none&#8220;][vc_column column_padding=&#8220;no-extra-padding&#8220; column_padding_tablet=&#8220;inherit&#8220; column_padding_phone=&#8220;inherit&#8220; column_padding_position=&#8220;all&#8220; column_element_spacing=&#8220;default&#8220; background_color_opacity=&#8220;1&#8243; background_hover_color_opacity=&#8220;1&#8243; column_shadow=&#8220;none&#8220; column_border_radius=&#8220;none&#8220; column_link_target=&#8220;_self&#8220; gradient_direction=&#8220;left_to_right&#8220; overlay_strength=&#8220;0.3&#8243; width=&#8220;1\/1&#8243; tablet_width_inherit=&#8220;default&#8220; tablet_text_alignment=&#8220;default&#8220; phone_text_alignment=&#8220;default&#8220; bg_image_animation=&#8220;none&#8220; border_type=&#8220;simple&#8220; column_border_width=&#8220;none&#8220; column_border_style=&#8220;solid&#8220;][nectar_global_section id=&#8220;755&#8243;][\/vc_column][\/vc_row]\n","protected":false},"excerpt":{"rendered":"<p>[vc_row type=&#8220;full_width_content&#8220; full_screen_row_position=&#8220;middle&#8220; column_margin=&#8220;default&#8220; column_direction=&#8220;default&#8220; column_direction_tablet=&#8220;default&#8220; column_direction_phone=&#8220;default&#8220; scene_position=&#8220;center&#8220; top_padding=&#8220;110&#8243; top_padding_phone=&#8220;0&#8243; text_color=&#8220;dark&#8220; text_align=&#8220;left&#8220; row_border_radius=&#8220;none&#8220; row_border_radius_applies=&#8220;bg&#8220; overlay_strength=&#8220;0.3&#8243; gradient_direction=&#8220;left_to_right&#8220; shape_divider_position=&#8220;bottom&#8220; bg_image_animation=&#8220;none&#8220; shape_type=&#8220;&#8220;][vc_column column_padding=&#8220;no-extra-padding&#8220; column_padding_tablet=&#8220;inherit&#8220; column_padding_phone=&#8220;inherit&#8220; column_padding_position=&#8220;all&#8220; column_element_spacing=&#8220;default&#8220; background_color_opacity=&#8220;1&#8243; background_hover_color_opacity=&#8220;1&#8243; column_shadow=&#8220;none&#8220; column_border_radius=&#8220;none&#8220; column_link_target=&#8220;_self&#8220; gradient_direction=&#8220;left_to_right&#8220;&#8230;<\/p>\n","protected":false},"author":1,"featured_media":0,"parent":0,"menu_order":0,"comment_status":"closed","ping_status":"closed","template":"","meta":{"_acf_changed":false,"footnotes":""},"class_list":["post-493","page","type-page","status-publish"],"acf":[],"_links":{"self":[{"href":"https:\/\/barbaraborzaga.it\/de\/wp-json\/wp\/v2\/pages\/493","targetHints":{"allow":["GET"]}}],"collection":[{"href":"https:\/\/barbaraborzaga.it\/de\/wp-json\/wp\/v2\/pages"}],"about":[{"href":"https:\/\/barbaraborzaga.it\/de\/wp-json\/wp\/v2\/types\/page"}],"author":[{"embeddable":true,"href":"https:\/\/barbaraborzaga.it\/de\/wp-json\/wp\/v2\/users\/1"}],"replies":[{"embeddable":true,"href":"https:\/\/barbaraborzaga.it\/de\/wp-json\/wp\/v2\/comments?post=493"}],"version-history":[{"count":4,"href":"https:\/\/barbaraborzaga.it\/de\/wp-json\/wp\/v2\/pages\/493\/revisions"}],"predecessor-version":[{"id":770,"href":"https:\/\/barbaraborzaga.it\/de\/wp-json\/wp\/v2\/pages\/493\/revisions\/770"}],"wp:attachment":[{"href":"https:\/\/barbaraborzaga.it\/de\/wp-json\/wp\/v2\/media?parent=493"}],"curies":[{"name":"wp","href":"https:\/\/api.w.org\/{rel}","templated":true}]}}